{"id":13301,"date":"2022-03-13T10:33:37","date_gmt":"2022-03-13T09:33:37","guid":{"rendered":"https:\/\/www.kk-stimmsprechtraining.de\/?page_id=13301"},"modified":"2023-01-13T17:17:59","modified_gmt":"2023-01-13T16:17:59","slug":"impressum","status":"publish","type":"page","link":"https:\/\/www.kk-stimmsprechtraining.de\/index.php\/impressum\/","title":{"rendered":"Impressum"},"content":{"rendered":"<div class=\"fusion-fullwidth fullwidth-box fusion-builder-row-1 fusion-flex-container nonhundred-percent-fullwidth non-hundred-percent-height-scrolling\" style=\"background-color: var(--awb-custom_color_1);background-position: center center;background-repeat: no-repeat;border-width: 0px 0px 0px 0px;border-color:hsla(var(--awb-color2-h),calc( var(--awb-color2-s) + 2% ),var(--awb-color2-l),var(--awb-color2-a));border-style:solid;\" ><div class=\"fusion-builder-row fusion-row fusion-flex-align-items-flex-start\" style=\"max-width:1216.8px;margin-left: calc(-4% \/ 2 );margin-right: calc(-4% \/ 2 );\"><div class=\"fusion-layout-column fusion_builder_column fusion-builder-column-0 fusion_builder_column_2_3 2_3 fusion-flex-column\"><div class=\"fusion-column-wrapper fusion-flex-justify-content-flex-start fusion-content-layout-column\" style=\"background-position:left top;background-repeat:no-repeat;-webkit-background-size:cover;-moz-background-size:cover;-o-background-size:cover;background-size:cover;border-radius:3px 3px 3px 3px;border-width: 3px 3px 3px 3px;border-color:var(--awb-color3);border-style:solid;border-radius:3px 3px 3px 3px;overflow:hidden;padding: 0px 9px 0px 9px;\"><div class=\"fusion-text fusion-text-1\" style=\"font-size:12px;\"><h3 data-fusion-font=\"true\">Disclaimer<\/h3>\n<h5 data-fusion-font=\"true\">Haftung f\u00fcr Inhalte<\/h5>\n<p>Die Inhalte unserer Seiten wurden mit gr\u00f6\u00dfter Sorgfalt erstellt. F\u00fcr die Richtigkeit, Vollst\u00e4ndigkeit und Aktualit\u00e4t der Inhalte k\u00f6nnen wir jedoch keine Gew\u00e4hr \u00fcbernehmen. Als Diensteanbieter sind wir gem\u00e4\u00df \u00a7 7 Abs.1 TMG f\u00fcr eigene Inhalte auf diesen Seiten nach den allgemeinen Gesetzen verantwortlich. Nach \u00a7\u00a7 8 bis 10 TMG sind wir als Diensteanbieter jedoch nicht verpflichtet, \u00fcbermittelte oder gespeicherte fremde Informationen zu \u00fcberwachen oder nach Umst\u00e4nden zu forschen, die auf eine rechtswidrige T\u00e4tigkeit hinweisen.<\/p>\n<p>Verpflichtungen zur Entfernung oder Sperrung der Nutzung von Informationen nach den allgemeinen Gesetzen bleiben hiervon unber\u00fchrt. Eine diesbez\u00fcgliche Haftung ist jedoch erst ab dem Zeitpunkt der Kenntnis einer konkreten Rechtsverletzung m\u00f6glich. Bei Bekanntwerden von entsprechenden Rechtsverletzungen werden wir diese Inhalte umgehend entfernen.<\/p>\n<h5 data-fusion-font=\"true\">Haftung f\u00fcr Links<\/h5>\n<p>Unser Angebot enth\u00e4lt Links zu externen Websites Dritter, auf deren Inhalte wir keinen Einfluss haben. Deshalb k\u00f6nnen wir f\u00fcr diese fremden Inhalte auch keine Gew\u00e4hr \u00fcbernehmen. F\u00fcr die Inhalte der verlinkten Seiten ist stets der jeweilige Anbieter oder Betreiber der Seiten verantwortlich. Die verlinkten Seiten wurden zum Zeitpunkt der Verlinkung auf m\u00f6gliche Rechtsverst\u00f6\u00dfe \u00fcberpr\u00fcft. Rechtswidrige Inhalte waren zum Zeitpunkt der Verlinkung nicht erkennbar.<\/p>\n<p>Eine permanente inhaltliche Kontrolle der verlinkten Seiten ist jedoch ohne konkrete Anhaltspunkte einer Rechtsverletzung nicht zumutbar. Bei Bekanntwerden von Rechtsverletzungen werden wir derartige Links umgehend entfernen.<\/p>\n<h5 style=\"color: rgb(22, 22, 22);\">Urheberrecht<\/h5>\n<p>Die durch die Seitenbetreiber erstellten Inhalte und Werke auf diesen Seiten unterliegen dem deutschen Urheberrecht. Die Vervielf\u00e4ltigung, Bearbeitung, Verbreitung und jede Art der Verwertung au\u00dferhalb der Grenzen des Urheberrechtes bed\u00fcrfen der schriftlichen Zustimmung des jeweiligen Autors bzw. Erstellers. Downloads dieser Seite sind nur f\u00fcr den privaten, nicht kommerziellen Gebrauch gestattet. Kopien und Vervielf\u00e4ltigungen aller oder einzelner Inhalte dieser Seite sind vom Urheber ausdr\u00fccklich untersagt.<\/p>\n<p>Soweit die Inhalte auf dieser Seite nicht vom Betreiber erstellt wurden, werden die <a href=\"https:\/\/www.e-recht24.de\/artikel\/urheberrecht\/12982-urheberrecht.html\">Urheberrechte<\/a> Dritter beachtet. Insbesondere werden Inhalte Dritter als solche gekennzeichnet. Sollten Sie trotzdem auf eine Urheberrechtsverletzung aufmerksam werden, bitten wir um einen entsprechenden Hinweis. Bei Bekanntwerden von Rechtsverletzungen werden wir derartige Inhalte umgehend entfernen.<\/p>\n<p style=\"color: var(--awb-color2);\"><b>Quelle: www.e-recht24.de\/muster-disclaimer<\/b><\/p>\n<\/div><\/div><style type=\"text\/css\">.fusion-body .fusion-builder-column-0{width:66.666666666667% !important;margin-top : 0px;margin-bottom : 20px;}.fusion-builder-column-0 > .fusion-column-wrapper {padding-top : 0px !important;padding-right : 9 !important;margin-right : 2.88%;padding-bottom : 0px !important;padding-left : 9 !important;margin-left : 5.76%;}@media only screen and (max-width:800px) {.fusion-body .fusion-builder-column-0{width:100% !important;order : 0;}.fusion-builder-column-0 > .fusion-column-wrapper {margin-right : 1.92%;margin-left : 1.92%;}}@media only screen and (max-width:440px) {.fusion-body .fusion-builder-column-0{width:100% !important;order : 0;}.fusion-builder-column-0 > .fusion-column-wrapper {margin-right : 1.92%;margin-left : 1.92%;}}<\/style><\/div><div class=\"fusion-layout-column fusion_builder_column fusion-builder-column-1 fusion_builder_column_1_3 1_3 fusion-flex-column\"><div class=\"fusion-column-wrapper fusion-flex-justify-content-flex-start fusion-content-layout-column\" style=\"background-position:left top;background-repeat:no-repeat;-webkit-background-size:cover;-moz-background-size:cover;-o-background-size:cover;background-size:cover;border-radius:3px 3px 3px 3px;border-width: 3px 3px 3px 3px;border-color:var(--awb-color3);border-style:solid;border-radius:3px 3px 3px 3px;overflow:hidden;padding: 0px 9px 0px 9px;\"><div class=\"fusion-text fusion-text-2\"><h3 class=\"fusion-responsive-typography-calculated\" style=\"--fontsize: 26; line-height: 1.41;\" data-fontsize=\"26\" data-lineheight=\"36.66px\">Impressum<\/h3>\n<p style=\"color: #161616;\" data-fusion-font=\"true\">Angaben gem\u00e4\u00df \u00a7 5 TMG:<\/p>\n<p style=\"font-size: 12px; color: #161616; line-height: 2px;\" data-fusion-font=\"true\">KK-StimmSprechTraining<\/p>\n<p style=\"font-size: 12px; color: #161616; line-height: 2px;\" data-fusion-font=\"true\">Kristina Keck<\/p>\n<p style=\"font-size: 12px; color: #161616; line-height: 2px;\" data-fusion-font=\"true\">Lindestra\u00dfe 31<\/p>\n<p style=\"font-size: 12px; color: #161616; line-height: 2px;\" data-fusion-font=\"true\">63773 Goldbach<\/p>\n<\/div><div class=\"fusion-text fusion-text-3\"><h3 class=\"fusion-responsive-typography-calculated\" style=\"--fontsize: 26; line-height: 1.41;\" data-fontsize=\"26\" data-lineheight=\"36.66px\"><span style=\"background-color: var(--awb-custom_color_1); font-family: var(--body_typography-font-family); font-size: var(--body_typography-font-size); font-style: var(--body_typography-font-style,normal); font-weight: var(--body_typography-font-weight); letter-spacing: var(--body_typography-letter-spacing);\">Kontakt:<\/span><\/h3>\n<p style=\"font-size: 12px; color: #161616; line-height: 2px;\" data-fusion-font=\"true\">Tel: +49151 &#8211; 29 166 441<\/p>\n<p style=\"font-size: 12px; color: #161616; line-height: 2px;\" data-fusion-font=\"true\">Mail: kontakt@k-keck.de<\/p>\n<p style=\"line-height: 1px; color: #161616;\">\n<\/div><div class=\"fusion-text fusion-text-4\"><h3 class=\"\" style=\"--fontsize: 26; line-height: 1.41;\" data-fontsize=\"26\" data-lineheight=\"36.66px\"><span data-fusion-font=\"true\" style=\"background-color: var(--awb-custom_color_1); font-family: var(--body_typography-font-family); font-size: var(--body_typography-font-size); font-style: var(--body_typography-font-style,normal); font-weight: var(--body_typography-font-weight); letter-spacing: var(--body_typography-letter-spacing);\">Quellenangaben f\u00fcr die ver<\/span><span data-fusion-font=\"true\" style=\"font-family: var(--body_typography-font-family); font-size: var(--body_typography-font-size); font-style: var(--body_typography-font-style,normal); font-weight: var(--body_typography-font-weight); letter-spacing: var(--body_typography-letter-spacing); background-color: var(--awb-custom_color_1);\">wendeten Bilder und Grafiken:<\/span><br \/><\/h3>\n<p style=\"font-size: 12px; color: rgb(22, 22, 22);\" data-fusion-font=\"true\">M\u00e4dchen mit Grimassen (Stimm- und Sprechtraining f\u00fcr Kinder): <span style=\"background-color: var(--awb-custom_color_1); font-family: var(--body_typography-font-family); font-style: var(--body_typography-font-style,normal); font-weight: var(--body_typography-font-weight); letter-spacing: var(--body_typography-letter-spacing);\">https:\/\/pixabay.com\/de\/users\/pezibear-526143\/<\/span><\/p>\n<p style=\"font-size: 12px; color: rgb(22, 22, 22);\" data-fusion-font=\"true\">Fotos von Kristina Keck (\u00dcber mich): <span style=\"background-color: var(--awb-custom_color_1); color: var(--body_typography-color); font-family: var(--body_typography-font-family); font-style: var(--body_typography-font-style,normal); font-weight: var(--body_typography-font-weight); letter-spacing: var(--body_typography-letter-spacing);\">Henrik Bauer<\/span><\/p>\n<p style=\"font-size: 12px; color: rgb(22, 22, 22);\" data-fusion-font=\"true\">Alle anderen Fotos und Grafiken: <span style=\"background-color: var(--awb-custom_color_1); font-family: var(--body_typography-font-family); font-style: var(--body_typography-font-style,normal); font-weight: var(--body_typography-font-weight); letter-spacing: var(--body_typography-letter-spacing);\">Kristina Keck<\/span><\/p>\n<\/div><\/div><style type=\"text\/css\">.fusion-body .fusion-builder-column-1{width:33.333333333333% !important;margin-top : 0px;margin-bottom : 20px;}.fusion-builder-column-1 > .fusion-column-wrapper {padding-top : 0px !important;padding-right : 9 !important;margin-right : 11.52%;padding-bottom : 0px !important;padding-left : 9 !important;margin-left : 5.76%;}@media only screen and (max-width:800px) {.fusion-body .fusion-builder-column-1{width:100% !important;order : 0;}.fusion-builder-column-1 > .fusion-column-wrapper {margin-right : 1.92%;margin-left : 1.92%;}}@media only screen and (max-width:440px) {.fusion-body .fusion-builder-column-1{width:100% !important;order : 0;}.fusion-builder-column-1 > .fusion-column-wrapper {margin-right : 1.92%;margin-left : 1.92%;}}<\/style><\/div><\/div><style type=\"text\/css\">.fusion-body .fusion-flex-container.fusion-builder-row-1{ padding-top : 0px;margin-top : 0px;padding-right : 0px;padding-bottom : 0px;margin-bottom : 0px;padding-left : 0px;}<\/style><\/div>\n","protected":false},"excerpt":{"rendered":"","protected":false},"author":1,"featured_media":0,"parent":0,"menu_order":0,"comment_status":"closed","ping_status":"closed","template":"","meta":{"footnotes":""},"class_list":["post-13301","page","type-page","status-publish","hentry"],"_links":{"self":[{"href":"https:\/\/www.kk-stimmsprechtraining.de\/index.php\/wp-json\/wp\/v2\/pages\/13301","targetHints":{"allow":["GET"]}}],"collection":[{"href":"https:\/\/www.kk-stimmsprechtraining.de\/index.php\/wp-json\/wp\/v2\/pages"}],"about":[{"href":"https:\/\/www.kk-stimmsprechtraining.de\/index.php\/wp-json\/wp\/v2\/types\/page"}],"author":[{"embeddable":true,"href":"https:\/\/www.kk-stimmsprechtraining.de\/index.php\/wp-json\/wp\/v2\/users\/1"}],"replies":[{"embeddable":true,"href":"https:\/\/www.kk-stimmsprechtraining.de\/index.php\/wp-json\/wp\/v2\/comments?post=13301"}],"version-history":[{"count":19,"href":"https:\/\/www.kk-stimmsprechtraining.de\/index.php\/wp-json\/wp\/v2\/pages\/13301\/revisions"}],"predecessor-version":[{"id":14623,"href":"https:\/\/www.kk-stimmsprechtraining.de\/index.php\/wp-json\/wp\/v2\/pages\/13301\/revisions\/14623"}],"wp:attachment":[{"href":"https:\/\/www.kk-stimmsprechtraining.de\/index.php\/wp-json\/wp\/v2\/media?parent=13301"}],"curies":[{"name":"wp","href":"https:\/\/api.w.org\/{rel}","templated":true}]}}