{"id":14716,"date":"2023-02-15T22:24:32","date_gmt":"2023-02-15T21:24:32","guid":{"rendered":"https:\/\/www.kk-stimmsprechtraining.de\/?page_id=14716"},"modified":"2023-02-15T22:24:32","modified_gmt":"2023-02-15T21:24:32","slug":"rabattaktionen","status":"publish","type":"page","link":"https:\/\/www.kk-stimmsprechtraining.de\/index.php\/termine\/rabattaktionen\/","title":{"rendered":"Rabattaktionen"},"content":{"rendered":"<p><div class=\"fusion-fullwidth fullwidth-box fusion-builder-row-1 fusion-flex-container fusion-parallax-fixed nonhundred-percent-fullwidth non-hundred-percent-height-scrolling lazyload\" style=\"background-color: var(--awb-custom_color_1);background-image:linear-gradient(180deg, rgba(255,255,255,0) 48%,var(--awb-color1) 100%);background-position: center center;background-repeat: no-repeat;border-width: 0px 0px 0px 0px;border-color:hsla(var(--awb-color2-h),calc( var(--awb-color2-s) + 2% ),var(--awb-color2-l),var(--awb-color2-a));border-style:solid;-webkit-background-size:cover;-moz-background-size:cover;-o-background-size:cover;background-size:cover;background-attachment:fixed;\" data-bg=\"https:\/\/www.kk-stimmsprechtraining.de\/wp-content\/uploads\/2023\/02\/Rabattaktionen-800x524.jpg\" data-bg-gradient=\"linear-gradient(180deg, rgba(255,255,255,0) 48%,var(--awb-color1) 100%)\" ><div class=\"fusion-builder-row fusion-row fusion-flex-align-items-flex-start\" style=\"max-width:1216.8px;margin-left: calc(-4% \/ 2 );margin-right: calc(-4% \/ 2 );\"><div class=\"fusion-layout-column fusion_builder_column fusion-builder-column-0 fusion_builder_column_1_1 1_1 fusion-flex-column\"><div class=\"fusion-column-wrapper fusion-flex-justify-content-flex-start fusion-content-layout-column\" style=\"background-position:left top;background-repeat:no-repeat;-webkit-background-size:cover;-moz-background-size:cover;-o-background-size:cover;background-size:cover;padding: 20px 0px 23px 0px;\"><style type=\"text\/css\">@media only screen and (max-width:800px) {.fusion-title.fusion-title-1{margin-top:0px!important; margin-right:0px!important;margin-bottom:30px!important;margin-left:0px!important;}}@media only screen and (max-width:440px) {.fusion-title.fusion-title-1{margin-top:0px!important; margin-right:0px!important;margin-bottom:20px!important; margin-left:0px!important;}}<\/style><div class=\"fusion-title title fusion-title-1 fusion-title-text fusion-title-size-one\" style=\"margin-top:0px;margin-right:0px;margin-bottom:30px;margin-left:0px;\"><div class=\"title-sep-container title-sep-container-left fusion-no-large-visibility fusion-no-medium-visibility fusion-no-small-visibility\"><div class=\"title-sep sep-\" style=\"border-color:hsla(var(--awb-color2-h),var(--awb-color2-s),var(--awb-color2-l),calc( var(--awb-color2-a) - 10% ));\"><\/div><\/div><span class=\"awb-title-spacer fusion-no-large-visibility fusion-no-medium-visibility fusion-no-small-visibility\"><\/span><h1 class=\"title-heading-left fusion-responsive-typography-calculated\" style=\"margin:0;text-transform:none;--fontSize:36;line-height:var(--awb-typography1-line-height);\"><span class=\"fusion-highlight custom-textcolor highlight1 awb-highlight-background\" style=\"background-color:hsla(var(--awb-color4-h),var(--awb-color4-s),var(--awb-color4-l),calc( var(--awb-color4-a) - 35% ));color:var(--awb-color1);\">Gutscheine und Rabattaktionen<\/span><\/h1><span class=\"awb-title-spacer\"><\/span><div class=\"title-sep-container title-sep-container-right\"><div class=\"title-sep sep-\" style=\"border-color:hsla(var(--awb-color2-h),var(--awb-color2-s),var(--awb-color2-l),calc( var(--awb-color2-a) - 10% ));\"><\/div><\/div><\/div><\/div><style type=\"text\/css\">.fusion-body .fusion-builder-column-0{width:100% !important;margin-top : 239.979px;margin-bottom : 274.9844px;}.fusion-builder-column-0 > .fusion-column-wrapper {padding-top : 20px !important;padding-right : 0px !important;margin-right : 1.92%;padding-bottom : 23px !important;padding-left : 0px !important;margin-left : 1.92%;}@media only screen and (max-width:800px) {.fusion-body .fusion-builder-column-0{width:100% !important;order : 0;}.fusion-builder-column-0 > .fusion-column-wrapper {margin-right : 1.92%;margin-left : 1.92%;}}@media only screen and (max-width:440px) {.fusion-body .fusion-builder-column-0{width:100% !important;order : 0;}.fusion-builder-column-0 > .fusion-column-wrapper {margin-right : 1.92%;margin-left : 1.92%;}}<\/style><\/div><\/div><style type=\"text\/css\">.fusion-body .fusion-flex-container.fusion-builder-row-1{ padding-top : 0px;margin-top : 0px;padding-right : 0px;padding-bottom : 0px;margin-bottom : 18px;padding-left : 0px;}<\/style><\/div><div class=\"fusion-fullwidth fullwidth-box fusion-builder-row-2 fusion-flex-container nonhundred-percent-fullwidth non-hundred-percent-height-scrolling\" style=\"background-color: var(--awb-custom_color_1);background-position: center center;background-repeat: no-repeat;border-width: 0px 0px 0px 0px;border-color:hsla(var(--awb-color2-h),calc( var(--awb-color2-s) + 2% ),var(--awb-color2-l),var(--awb-color2-a));border-style:solid;\" ><div class=\"fusion-builder-row fusion-row fusion-flex-align-items-flex-start\" style=\"max-width:1216.8px;margin-left: calc(-4% \/ 2 );margin-right: calc(-4% \/ 2 );\"><div class=\"fusion-layout-column fusion_builder_column fusion-builder-column-1 fusion_builder_column_1_3 1_3 fusion-flex-column fusion-flex-align-self-center fusion-no-small-visibility fusion-no-medium-visibility\"><div class=\"fusion-column-wrapper fusion-flex-justify-content-flex-start fusion-content-layout-column\" style=\"background-position:left top;background-repeat:no-repeat;-webkit-background-size:cover;-moz-background-size:cover;-o-background-size:cover;background-size:cover;padding: 0px 0px 0px 0px;\"><div ><span class=\" fusion-imageframe imageframe-none imageframe-1 hover-type-none\" style=\"border-radius:5px;\"><img decoding=\"async\" width=\"400\" height=\"262\" title=\"Gutschein front 0522 bild\" src=\"https:\/\/www.kk-stimmsprechtraining.de\/wp-content\/uploads\/2023\/02\/Gutschein-front-0522-bild.jpg\" data-orig-src=\"https:\/\/www.kk-stimmsprechtraining.de\/wp-content\/uploads\/2023\/02\/Gutschein-front-0522-bild-400x262.jpg\" alt class=\"lazyload img-responsive wp-image-14722\" srcset=\"data:image\/svg+xml,%3Csvg%20xmlns%3D%27http%3A%2F%2Fwww.w3.org%2F2000%2Fsvg%27%20width%3D%271028%27%20height%3D%27673%27%20viewBox%3D%270%200%201028%20673%27%3E%3Crect%20width%3D%271028%27%20height%3D%27673%27%20fill-opacity%3D%220%22%2F%3E%3C%2Fsvg%3E\" data-srcset=\"https:\/\/www.kk-stimmsprechtraining.de\/wp-content\/uploads\/2023\/02\/Gutschein-front-0522-bild-200x131.jpg 200w, https:\/\/www.kk-stimmsprechtraining.de\/wp-content\/uploads\/2023\/02\/Gutschein-front-0522-bild-400x262.jpg 400w, https:\/\/www.kk-stimmsprechtraining.de\/wp-content\/uploads\/2023\/02\/Gutschein-front-0522-bild-600x393.jpg 600w, https:\/\/www.kk-stimmsprechtraining.de\/wp-content\/uploads\/2023\/02\/Gutschein-front-0522-bild-800x524.jpg 800w, https:\/\/www.kk-stimmsprechtraining.de\/wp-content\/uploads\/2023\/02\/Gutschein-front-0522-bild.jpg 1028w\" data-sizes=\"auto\" data-orig-sizes=\"(max-width: 800px) 100vw, (max-width: 440px) 100vw, 400px\" \/><\/span><\/div><\/div><style type=\"text\/css\">.fusion-body .fusion-builder-column-1{width:33.333333333333% !important;margin-top : 0px;margin-bottom : 12px;}.fusion-builder-column-1 > .fusion-column-wrapper {padding-top : 0px !important;padding-right : 0px !important;margin-right : 0%;padding-bottom : 0px !important;padding-left : 0px !important;margin-left : 0%;}@media only screen and (max-width:800px) {.fusion-body .fusion-builder-column-1{width:100% !important;order : 1;}.fusion-builder-column-1 > .fusion-column-wrapper {margin-right : 1.92%;margin-left : 1.92%;}}@media only screen and (max-width:440px) {.fusion-body .fusion-builder-column-1{width:100% !important;order : 1;}.fusion-builder-column-1 > .fusion-column-wrapper {margin-right : 1.92%;margin-left : 1.92%;}}<\/style><\/div><div class=\"fusion-layout-column fusion_builder_column fusion-builder-column-2 fusion_builder_column_2_3 2_3 fusion-flex-column fusion-flex-align-self-flex-start\"><div class=\"fusion-column-wrapper fusion-flex-justify-content-flex-start fusion-content-layout-column\" style=\"background-position:left top;background-repeat:no-repeat;-webkit-background-size:cover;-moz-background-size:cover;-o-background-size:cover;background-size:cover;padding: 0px 0px 0px 0px;\"><style type=\"text\/css\">@media only screen and (max-width:800px) {.fusion-title.fusion-title-2{margin-top:0px!important; margin-right:0px!important;margin-bottom:60px!important;margin-left:0px!important;}}@media only screen and (max-width:440px) {.fusion-title.fusion-title-2{margin-top:0px!important; margin-right:0px!important;margin-bottom:20px!important; margin-left:0px!important;}}<\/style><div class=\"fusion-title title fusion-title-2 fusion-title-text fusion-title-size-two\" style=\"margin-top:0px;margin-right:0px;margin-bottom:60px;margin-left:0px;\"><div class=\"title-sep-container title-sep-container-left fusion-no-large-visibility fusion-no-medium-visibility fusion-no-small-visibility\"><div class=\"title-sep sep-\" style=\"border-color:hsla(var(--awb-color2-h),var(--awb-color2-s),var(--awb-color2-l),calc( var(--awb-color2-a) - 10% ));\"><\/div><\/div><span class=\"awb-title-spacer fusion-no-large-visibility fusion-no-medium-visibility fusion-no-small-visibility\"><\/span><h2 class=\"title-heading-left fusion-responsive-typography-calculated\" style=\"margin:0;text-transform:none;--fontSize:31;line-height:var(--awb-typography1-line-height);\"><h2>10% Gutscheine<\/h2><\/h2><span class=\"awb-title-spacer\"><\/span><div class=\"title-sep-container title-sep-container-right\"><div class=\"title-sep sep-\" style=\"border-color:hsla(var(--awb-color2-h),var(--awb-color2-s),var(--awb-color2-l),calc( var(--awb-color2-a) - 10% ));\"><\/div><\/div><\/div><div class=\"fusion-text fusion-text-1\"><p>Sie haben einen meiner Rabattgutscheine ergattert? Na dann: Herzlichen Gl\u00fcckwunsch!<\/p>\n<p>Mit dem Rabattgutschein erhalten sie 10% Erm\u00e4\u00dfigung auf meine Einzeltrainings oder meine Inhouse Seminare.<\/p>\n<\/div><\/div><style type=\"text\/css\">.fusion-body .fusion-builder-column-2{width:66.666666666667% !important;margin-top : 0px;margin-bottom : 0px;}.fusion-builder-column-2 > .fusion-column-wrapper {padding-top : 0px !important;padding-right : 0px !important;margin-right : 2.88%;padding-bottom : 0px !important;padding-left : 0px !important;margin-left : 2.88%;}@media only screen and (max-width:800px) {.fusion-body .fusion-builder-column-2{width:100% !important;order : 0;}.fusion-builder-column-2 > .fusion-column-wrapper {margin-right : 1.92%;margin-left : 1.92%;}}@media only screen and (max-width:440px) {.fusion-body .fusion-builder-column-2{width:100% !important;order : 0;}.fusion-builder-column-2 > .fusion-column-wrapper {margin-right : 1.92%;margin-left : 1.92%;}}<\/style><\/div><div class=\"fusion-layout-column fusion_builder_column fusion-builder-column-3 fusion_builder_column_1_1 1_1 fusion-flex-column\"><div class=\"fusion-column-wrapper fusion-flex-justify-content-flex-start fusion-content-layout-column\" style=\"background-position:left top;background-repeat:no-repeat;-webkit-background-size:cover;-moz-background-size:cover;-o-background-size:cover;background-size:cover;padding: 0px 0px 0px 0px;\"><div class=\"fusion-text fusion-text-2\"><p><span style=\"background-color: var(--awb-custom_color_1); color: var(--body_typography-color); font-family: var(--body_typography-font-family); font-size: var(--body_typography-font-size); font-style: var(--body_typography-font-style,normal); font-weight: var(--body_typography-font-weight); letter-spacing: var(--body_typography-letter-spacing);\">Schnell sein lohnt sich: der G\u00fcltigkeitszeitraum der Gutscheine ist n\u00e4mlich stark begrenzt. Nur wenn Ihre Buchung rechtzeitig eingeht, kann ich Ihnen den Rabatt gew\u00e4hren. Daf\u00fcr muss mir die schriftliche Buchungsbest\u00e4tigung (inkl. dem Trainings- oder Seminarvertrag) am letzten G\u00fcltigkeitstag des Gutscheins vorliegen.<\/span><\/p>\n<p><span style=\"background-color: var(--awb-custom_color_1); color: var(--body_typography-color); font-family: var(--body_typography-font-family); font-size: var(--body_typography-font-size); font-style: var(--body_typography-font-style,normal); font-weight: var(--body_typography-font-weight); letter-spacing: var(--body_typography-letter-spacing);\">Der Rabattgutschein ist nicht mit anderen Gutscheinen oder Rabattaktionen kombinierbar. <\/span><span style=\"background-color: var(--awb-custom_color_1); color: var(--body_typography-color); font-family: var(--body_typography-font-family); font-size: var(--body_typography-font-size); font-style: var(--body_typography-font-style,normal); font-weight: var(--body_typography-font-weight); letter-spacing: var(--body_typography-letter-spacing);\">Pro Buchung und pro Person kann nur ein Gutschein angenommen werden. <\/span><\/p>\n<p><span style=\"background-color: var(--awb-custom_color_1); color: var(--body_typography-color); font-family: var(--body_typography-font-family); font-size: var(--body_typography-font-size); font-style: var(--body_typography-font-style,normal); font-weight: var(--body_typography-font-weight); letter-spacing: var(--body_typography-letter-spacing);\">Eine Auszahlung des Gutscheins ist nicht m\u00f6glich. Der Rechtsweg ist ausgeschlossen.<\/span><\/p>\n<\/div><\/div><style type=\"text\/css\">.fusion-body .fusion-builder-column-3{width:100% !important;margin-top : 0px;margin-bottom : 20px;}.fusion-builder-column-3 > .fusion-column-wrapper {padding-top : 0px !important;padding-right : 0px !important;margin-right : 1.92%;padding-bottom : 0px !important;padding-left : 0px !important;margin-left : 1.92%;}@media only screen and (max-width:800px) {.fusion-body .fusion-builder-column-3{width:100% !important;order : 2;}.fusion-builder-column-3 > .fusion-column-wrapper {margin-right : 1.92%;margin-left : 1.92%;}}@media only screen and (max-width:440px) {.fusion-body .fusion-builder-column-3{width:100% !important;order : 0;}.fusion-builder-column-3 > .fusion-column-wrapper {margin-right : 1.92%;margin-left : 1.92%;}}<\/style><\/div><\/div><style type=\"text\/css\">.fusion-body .fusion-flex-container.fusion-builder-row-2{ padding-top : 0px;margin-top : 97px;padding-right : 0px;padding-bottom : 0px;margin-bottom : 66px;padding-left : 0px;}<\/style><\/div><div class=\"fusion-fullwidth fullwidth-box fusion-builder-row-3 fusion-flex-container nonhundred-percent-fullwidth non-hundred-percent-height-scrolling\" style=\"background-color: var(--awb-custom_color_1);background-position: center center;background-repeat: no-repeat;border-width: 0px 0px 0px 0px;border-color:hsla(var(--awb-color2-h),calc( var(--awb-color2-s) + 2% ),var(--awb-color2-l),var(--awb-color2-a));border-style:solid;\" ><div class=\"fusion-builder-row fusion-row fusion-flex-align-items-flex-start\" style=\"max-width:1216.8px;margin-left: calc(-4% \/ 2 );margin-right: calc(-4% \/ 2 );\"><div class=\"fusion-layout-column fusion_builder_column fusion-builder-column-4 fusion_builder_column_1_2 1_2 fusion-flex-column fusion-flex-align-self-center\"><div class=\"fusion-column-wrapper fusion-flex-justify-content-center fusion-content-layout-column\" style=\"background-position:left top;background-repeat:no-repeat;-webkit-background-size:cover;-moz-background-size:cover;-o-background-size:cover;background-size:cover;padding: 0px 0px 0px 0px;\"><div ><span class=\" fusion-imageframe imageframe-none imageframe-2 hover-type-none\" style=\"border-radius:5px;\"><a class=\"fusion-no-lightbox\" href=\"https:\/\/www.kk-stimmsprechtraining.de\/\" target=\"_self\"><img decoding=\"async\" width=\"800\" height=\"336\" alt=\"Kristina Keck, zertifizierte Stimmtrainerin, Sprechtrainerin, staatlich gepr\u00fcfte Logop\u00e4din, Atem- und Schlucktherapeutin, Schauspielerin\" src=\"https:\/\/www.kk-stimmsprechtraining.de\/wp-content\/uploads\/2022\/11\/Logo-mit-Namen-und-Qualifikationen_Bilddatei-scaled-e1669111897897.jpg\" data-orig-src=\"https:\/\/www.kk-stimmsprechtraining.de\/wp-content\/uploads\/2022\/11\/Logo-mit-Namen-und-Qualifikationen_Bilddatei-scaled-e1669111897897-800x336.jpg\" class=\"lazyload img-responsive wp-image-14264\" srcset=\"data:image\/svg+xml,%3Csvg%20xmlns%3D%27http%3A%2F%2Fwww.w3.org%2F2000%2Fsvg%27%20width%3D%27900%27%20height%3D%27378%27%20viewBox%3D%270%200%20900%20378%27%3E%3Crect%20width%3D%27900%27%20height%3D%27378%27%20fill-opacity%3D%220%22%2F%3E%3C%2Fsvg%3E\" data-srcset=\"https:\/\/www.kk-stimmsprechtraining.de\/wp-content\/uploads\/2022\/11\/Logo-mit-Namen-und-Qualifikationen_Bilddatei-scaled-e1669111897897-200x84.jpg 200w, https:\/\/www.kk-stimmsprechtraining.de\/wp-content\/uploads\/2022\/11\/Logo-mit-Namen-und-Qualifikationen_Bilddatei-scaled-e1669111897897-400x168.jpg 400w, https:\/\/www.kk-stimmsprechtraining.de\/wp-content\/uploads\/2022\/11\/Logo-mit-Namen-und-Qualifikationen_Bilddatei-scaled-e1669111897897-600x252.jpg 600w, https:\/\/www.kk-stimmsprechtraining.de\/wp-content\/uploads\/2022\/11\/Logo-mit-Namen-und-Qualifikationen_Bilddatei-scaled-e1669111897897-800x336.jpg 800w, https:\/\/www.kk-stimmsprechtraining.de\/wp-content\/uploads\/2022\/11\/Logo-mit-Namen-und-Qualifikationen_Bilddatei-scaled-e1669111897897.jpg 900w\" data-sizes=\"auto\" data-orig-sizes=\"(max-width: 800px) 100vw, (max-width: 440px) 100vw, 600px\" \/><\/a><\/span><\/div><\/div><style type=\"text\/css\">.fusion-body .fusion-builder-column-4{width:50% !important;margin-top : 19px;margin-bottom : 20px;}.fusion-builder-column-4 > .fusion-column-wrapper {padding-top : 0px !important;padding-right : 0px !important;margin-right : 7.872%;padding-bottom : 0px !important;padding-left : 0px !important;margin-left : 8.256%;}@media only screen and (max-width:800px) {.fusion-body .fusion-builder-column-4{width:50% !important;order : 0;}.fusion-builder-column-4 > .fusion-column-wrapper {margin-right : 7.872%;margin-left : 8.256%;}}@media only screen and (max-width:440px) {.fusion-body .fusion-builder-column-4{width:100% !important;order : 0;}.fusion-builder-column-4 > .fusion-column-wrapper {margin-right : 1.92%;margin-left : 1.92%;}}<\/style><\/div><div class=\"fusion-layout-column fusion_builder_column fusion-builder-column-5 fusion_builder_column_1_3 1_3 fusion-flex-column\"><div class=\"fusion-column-wrapper fusion-flex-justify-content-flex-start fusion-content-layout-column\" style=\"background-position:left top;background-repeat:no-repeat;-webkit-background-size:cover;-moz-background-size:cover;-o-background-size:cover;background-size:cover;padding: 0px 0px 0px 0px;\"><div style=\"text-align:right;\"><style>.fusion-body .fusion-button.button-1 .fusion-button-text{color:var(--awb-color7);text-transform:none;}.fusion-body .fusion-button.button-1 i{color:var(--awb-color7);}.fusion-body .fusion-button.button-1{border-color:var(--awb-color3);border-width:3px 1px 3px 1px;border-radius:10px 10px 10px 10px;background:var(--awb-custom_color_3);}.fusion-body .fusion-button.button-1:hover .fusion-button-text,.fusion-body .fusion-button.button-1:hover i,.fusion-body .fusion-button.button-1:focus .fusion-button-text,.fusion-body .fusion-button.button-1:focus i,.fusion-body .fusion-button.button-1:active .fusion-button-text,.fusion-body .fusion-button.button-1:active i{color:var(--awb-color8);}.fusion-body .fusion-button.button-1:hover,.fusion-body .fusion-button.button-1:active,.fusion-body .fusion-button.button-1:focus{border-color:var(--awb-color4);border-width:3px 1px 3px 1px;background:var(--awb-custom_color_3);background-image:linear-gradient(180deg,var(--awb-custom_color_3) 0%,var(--awb-custom_color_2) 100%);}<\/style><a class=\"fusion-button button-flat button-xlarge button-custom button-1 fusion-button-span-yes \" target=\"_self\" href=\"https:\/\/www.kk-stimmsprechtraining.de\/index.php\/wie\/\" style=\"margin-bottom:10px;\"><span class=\"fusion-button-text\">Wie?<\/span><\/a><\/div><div style=\"text-align:right;\"><style>.fusion-body .fusion-button.button-2 .fusion-button-text{color:var(--awb-color7);text-transform:none;}.fusion-body .fusion-button.button-2 i{color:var(--awb-color7);}.fusion-body .fusion-button.button-2{border-color:var(--awb-color3);border-width:3px 1px 3px 1px;border-radius:10px 10px 10px 10px;background:var(--awb-custom_color_3);}.fusion-body .fusion-button.button-2:hover .fusion-button-text,.fusion-body .fusion-button.button-2:hover i,.fusion-body .fusion-button.button-2:focus .fusion-button-text,.fusion-body .fusion-button.button-2:focus i,.fusion-body .fusion-button.button-2:active .fusion-button-text,.fusion-body .fusion-button.button-2:active i{color:var(--awb-color8);}.fusion-body .fusion-button.button-2:hover,.fusion-body .fusion-button.button-2:active,.fusion-body .fusion-button.button-2:focus{border-color:var(--awb-color4);border-width:3px 1px 3px 1px;background:var(--awb-custom_color_3);background-image:linear-gradient(180deg,var(--awb-custom_color_3) 0%,var(--awb-custom_color_2) 100%);}<\/style><a class=\"fusion-button button-flat button-xlarge button-custom button-2 fusion-button-span-yes \" target=\"_self\" href=\"https:\/\/www.kk-stimmsprechtraining.de\/index.php\/wer-profitiert-von-einem-stimm-und-sprechtraining\/\" style=\"margin-bottom:10px;\"><span class=\"fusion-button-text\">F\u00fcr Wen?<\/span><\/a><\/div><div style=\"text-align:right;\"><style>.fusion-body .fusion-button.button-3 .fusion-button-text{color:var(--awb-color7);text-transform:none;}.fusion-body .fusion-button.button-3 i{color:var(--awb-color7);}.fusion-body .fusion-button.button-3{border-color:var(--awb-color3);border-width:3px 1px 3px 1px;border-radius:10px 10px 10px 10px;background:var(--awb-custom_color_3);}.fusion-body .fusion-button.button-3:hover .fusion-button-text,.fusion-body .fusion-button.button-3:hover i,.fusion-body .fusion-button.button-3:focus .fusion-button-text,.fusion-body .fusion-button.button-3:focus i,.fusion-body .fusion-button.button-3:active .fusion-button-text,.fusion-body .fusion-button.button-3:active i{color:var(--awb-color8);}.fusion-body .fusion-button.button-3:hover,.fusion-body .fusion-button.button-3:active,.fusion-body .fusion-button.button-3:focus{border-color:var(--awb-color4);border-width:3px 1px 3px 1px;background:var(--awb-custom_color_3);background-image:linear-gradient(180deg,var(--awb-custom_color_3) 0%,var(--awb-custom_color_2) 100%);}<\/style><a class=\"fusion-button button-flat button-xlarge button-custom button-3 fusion-button-span-yes \" target=\"_self\" href=\"https:\/\/www.kk-stimmsprechtraining.de\/index.php\/kontakt\/\"><span class=\"fusion-button-text\">Kontakt<\/span><\/a><\/div><\/div><style type=\"text\/css\">.fusion-body .fusion-builder-column-5{width:33.333333333333% !important;margin-top : 0px;margin-bottom : 20px;}.fusion-builder-column-5 > .fusion-column-wrapper {padding-top : 0px !important;padding-right : 0px !important;margin-right : 5.76%;padding-bottom : 0px !important;padding-left : 0px !important;margin-left : 5.76%;}@media only screen and (max-width:800px) {.fusion-body .fusion-builder-column-5{width:50% !important;order : 0;}.fusion-builder-column-5 > .fusion-column-wrapper {margin-right : 3.84%;margin-left : 3.84%;}}@media only screen and (max-width:440px) {.fusion-body .fusion-builder-column-5{width:100% !important;order : 0;}.fusion-builder-column-5 > .fusion-column-wrapper {margin-right : 1.92%;margin-left : 1.92%;}}<\/style><\/div><\/div><style type=\"text\/css\">.fusion-body .fusion-flex-container.fusion-builder-row-3{ padding-top : 39px;margin-top : 0px;padding-right : 25px;padding-bottom : 0px;margin-bottom : 0px;padding-left : 32px;}<\/style><\/div><\/p>\n","protected":false},"excerpt":{"rendered":"","protected":false},"author":1,"featured_media":0,"parent":13338,"menu_order":0,"comment_status":"closed","ping_status":"closed","template":"100-width.php","meta":{"footnotes":""},"class_list":["post-14716","page","type-page","status-publish","hentry"],"_links":{"self":[{"href":"https:\/\/www.kk-stimmsprechtraining.de\/index.php\/wp-json\/wp\/v2\/pages\/14716","targetHints":{"allow":["GET"]}}],"collection":[{"href":"https:\/\/www.kk-stimmsprechtraining.de\/index.php\/wp-json\/wp\/v2\/pages"}],"about":[{"href":"https:\/\/www.kk-stimmsprechtraining.de\/index.php\/wp-json\/wp\/v2\/types\/page"}],"author":[{"embeddable":true,"href":"https:\/\/www.kk-stimmsprechtraining.de\/index.php\/wp-json\/wp\/v2\/users\/1"}],"replies":[{"embeddable":true,"href":"https:\/\/www.kk-stimmsprechtraining.de\/index.php\/wp-json\/wp\/v2\/comments?post=14716"}],"version-history":[{"count":11,"href":"https:\/\/www.kk-stimmsprechtraining.de\/index.php\/wp-json\/wp\/v2\/pages\/14716\/revisions"}],"predecessor-version":[{"id":14730,"href":"https:\/\/www.kk-stimmsprechtraining.de\/index.php\/wp-json\/wp\/v2\/pages\/14716\/revisions\/14730"}],"up":[{"embeddable":true,"href":"https:\/\/www.kk-stimmsprechtraining.de\/index.php\/wp-json\/wp\/v2\/pages\/13338"}],"wp:attachment":[{"href":"https:\/\/www.kk-stimmsprechtraining.de\/index.php\/wp-json\/wp\/v2\/media?parent=14716"}],"curies":[{"name":"wp","href":"https:\/\/api.w.org\/{rel}","templated":true}]}}